{"id":534,"date":"2013-10-04T15:33:43","date_gmt":"2013-10-04T14:33:43","guid":{"rendered":"http:\/\/doteam.fr\/?page_id=534"},"modified":"2025-12-08T22:38:40","modified_gmt":"2025-12-08T21:38:40","slug":"mentions-legales","status":"publish","type":"page","link":"https:\/\/doteam.fr\/fr\/mentions-legales\/","title":{"rendered":"Mentions l\u00e9gales"},"content":{"rendered":"<h4>Nos modalit\u00e9s et conditions<\/h4>\n<p>Le pr\u00e9sent document a pour objet de d\u00e9finir les modalit\u00e9s et conditions dans lesquelles d\u2019une part DOTEAM (ci-apr\u00e8s d\u00e9nomm\u00e9e \u00ab l\u2019\u00e9diteur \u00bb) met \u00e0 la disposition de ses utilisateurs le Site et les services Disponibles sur le Site et d\u2019autre part, la mani\u00e8re par laquelle l\u2019utilisateur acc\u00e8de au Site et utilise ces services.<br \/>\nToute connexion au site est subordonn\u00e9e au respect des pr\u00e9sentes conditions. Pour l\u2019utilisateur, le simple acc\u00e8s au Site de l\u2019\u00e9diteur \u00e0 l\u2019adresse suivante :&nbsp;doteam.fr implique l\u2019acceptation de l\u2019ensemble des conditions d\u00e9crites ci-apr\u00e8s.<\/p>\n<h4>Editeur du Site<\/h4>\n<p><strong>DOTEAM<\/strong><br \/>\nSAS au capital de&nbsp;10&nbsp;000 euros<br \/>\nRegistre du commerce et des soci\u00e9t\u00e9s de Fontainebleau sous le num\u00e9ro SIREN 793006826<br \/>\nSi\u00e8ge social : 22 rue de l\u2019arbre sec 77300 Fontainebleau<br \/>\nN\u00b0 de TVA : FR 42793006826<br \/>\nDirecteur de la publication : Karine SMADJA<\/p>\n<p><strong>Service clients<\/strong><br \/>\nVous pouvez contacter le service clients en \u00e9crivant \u00e0 :<br \/>\nDOTEAM Service clients\u202822 rue de l\u2019arbre Sec \u2013 77300 Fontainebleau<br \/>\nPar email :&nbsp;contact@doteam.fr<\/p>\n<h4>H\u00e9bergement du site&nbsp;doteam.com<\/h4>\n<p><strong>OVH<\/strong><br \/>\n2, rue Kellermann, 59100 Roubaix<br \/>\nOVH SAS est une filiale de la soci\u00e9t\u00e9 OVH Groupe SAS, soci\u00e9t\u00e9 immatricul\u00e9e au RCS de Lille sous le num\u00e9ro 537 407 926<\/p>\n<h4>R\u00e9alisation<\/h4>\n<p>Ce site a \u00e9t\u00e9 d\u00e9velopp\u00e9 par Julien Delivry pour DOTEAM.<\/p>\n<h4>Donn\u00e9es personnelles\/RGPD<\/h4>\n<p><strong>1 \u2013 Connexion sur le site<\/strong><br \/>\nConform\u00e9ment au R\u00e8glement Europ\u00e9en sur la protection des donn\u00e9es, l\u2019ensemble des donn\u00e9es personnelles vous concernant recueillies sur notre site (notamment votre nom, votre adresse postale, votre num\u00e9ro de t\u00e9l\u00e9phone, votre adresse e-mail) constituent des donn\u00e9es confidentielles qui ne peuvent \u00eatre transmises ou exploit\u00e9es selon des modalit\u00e9s d\u00e9finies sur cette page. Elles sont exclusivement destin\u00e9es \u00e0 l\u2019\u00e9diteur responsable de leur traitement.<\/p>\n<p><strong>2 \u2013 Parcours de souscription<\/strong><br \/>\nLes informations recueillies font l&rsquo;objet d&rsquo;un traitement informatique dans le cadre des activit\u00e9s de la soci\u00e9t\u00e9 DOTEAM et elles ne feront l&rsquo;objet d&rsquo;une communication ext\u00e9rieure que pour les seules n\u00e9cessit\u00e9s de la gestion ou pour satisfaire aux obligations l\u00e9gales ou r\u00e9glementaires. Sauf mention contraire, elles sont obligatoires et \u00e0 d\u00e9faut de r\u00e9ponse compl\u00e8te, nous ne pourrons pas traiter votre demande. Elles sont destin\u00e9es \u00e0 DOTEAM, responsable du traitement. Par son interm\u00e9diaire, vous pourrez recevoir des propositions \u00e9manant de partenaires. Pour plus d\u2019informations sur le traitement de vos donn\u00e9es personnelles par DOTEAM et sur vos droits (droit d\u2019acc\u00e8s, de rectification, \u00e0 l\u2019effacement, \u00e0 la limitation du traitement, \u00e0 la portabilit\u00e9 des donn\u00e9es, droit d\u2019opposition et droit d\u2019organiser la gestion de vos donn\u00e9es apr\u00e8s votre d\u00e9c\u00e8s) vous pouvez vous reporter&nbsp;ici sur l\u2019utilisation de vos donn\u00e9es&nbsp;ou nous contacter \u00e0 l\u2019adresse suivante DOTEAM\u2013 Service Clients \u2013 22 rue de l\u2019arbre Sec \u2013 77300 Fontainebleau ou \u00e0 l\u2019adresse&nbsp;contact@doteam.fr&nbsp;.<\/p>\n<p>Conform\u00e9ment aux dispositions de l\u2019article L. 223-2 du Code de la consommation, le Locataire est \u00e9galement inform\u00e9 de son droit \u00e0 s&rsquo;inscrire sur la liste d&rsquo;opposition au d\u00e9marchage t\u00e9l\u00e9phonique disponible sur le site internet&nbsp;www.bloctel.gouv.fr.&nbsp;Cette inscription interdit \u00e0 un professionnel le d\u00e9marchage t\u00e9l\u00e9phonique, sauf en cas de relations contractuelles pr\u00e9existantes.<\/p>\n<h4>Cookies<\/h4>\n<p>Nous vous informons que lors de vos connexions sur notre site des cookies \u00e9galement appel\u00e9s t\u00e9moins de connexion sont, sous r\u00e9serve des choix que vous avez exprim\u00e9s, automatiquement stock\u00e9s, par DOTEAM, via votre navigateur sur votre terminal informatique en vue de conserver un historique de navigation. Le cookie est un bloc de donn\u00e9es qui ne permet pas d\u2019identifier l\u2019utilisateur mais sert \u00e0 enregistrer des informations relatives \u00e0 la navigation de celui-ci sur le Site. Ces donn\u00e9es permettent aux serveurs de reconna\u00eetre une personne \u00e0 chacune de ses visites et ainsi de fluidifier son parcours, d\u2019\u00e9tablir des statistiques de navigation et de mieux cibler la publicit\u00e9 qui pourrait lui \u00eatre adress\u00e9e.<br \/>\nL\u2019enregistrement d\u2019un cookie sur votre terminal est subordonn\u00e9 \u00e0 votre volont\u00e9 que vous pouvez exprimer \u00e0 tout moment via le param\u00e9trage de votre navigateur internet. Les modalit\u00e9s de param\u00e9trage pour accepter ou refuser les cookies sont d\u00e9crites dans le menu d\u2019aide de votre navigateur.<\/p>\n<p><b>Par exemple :<\/b><\/p>\n<ul>\n<li>Sous le navigateur Internet Explorer (Microsoft), vous pouvez g\u00e9rer le niveau d\u2019acceptation ou de refus des cookies dans la barre de menu \u00ab outils \u00bb, en cliquant sur \u00ab Options Internet \u00bb. Vous avez la possibilit\u00e9 de supprimer l\u2019ensemble des cookies ou d\u2019adapter le niveau de confidentialit\u00e9 souhait\u00e9 en g\u00e9rant le niveau d\u2019acceptation des cookies sous l\u2019onglet \u00ab Confidentialit\u00e9 \u00bb.<\/li>\n<li>Sous le navigateur FireFox (Mozilla), vous pouvez choisir d\u2019accepter ou de refuser les cookies via le menu \u00ab outils \u00bb, en cliquant sur \u00ab Options \u00bb puis sur l\u2019ic\u00f4ne \u00ab Vie priv\u00e9e \u00bb.<\/li>\n<li>Pour Internet Explorer&#x2122; :&nbsp;<a href=\"http:\/\/windows.microsoft.com\/fr-FR\/windows-vista\/Block-or-allow-cookies\">http:\/\/windows.microsoft.com\/fr-FR\/windows-vista\/Block-or-allow-cookies<\/a><\/li>\n<li>Pour Safari&#x2122; :&nbsp;<a href=\"https:\/\/support.apple.com\/kb\/PH19214?locale=fr_FR&amp;viewlocale=fr_FR\">https:\/\/support.apple.com\/kb\/PH19214?locale=fr_FR&amp;viewlocale=fr_FR<\/a><\/li>\n<li>Pour Chrome&#x2122; :&nbsp;<a href=\"http:\/\/support.google.com\/chrome\/bin\/answer.py?hl=fr&amp;hlrm=en&amp;answer=95647\">http:\/\/support.google.com\/chrome\/bin\/answer.py?hl=fr&amp;hlrm=en&amp;answer=95647<\/a><\/li>\n<li>Pour Firefox&#x2122; :&nbsp;<a href=\"http:\/\/support.mozilla.org\/fr\/kb\/Activer%20et%20d%C3%A9sactiver%20les%20cookies\">http:\/\/support.mozilla.org\/fr\/kb\/Activer%20et%20d%C3%A9sactiver%20les%20cookies<\/a><br \/>\nPour Opera&#x2122; :&nbsp;<a href=\"http:\/\/help.opera.com\/Windows\/10.20\/fr\/cookies.html\">http:\/\/help.opera.com\/Windows\/10.20\/fr\/cookies.html<\/a><\/li>\n<\/ul>\n<h4>Statistiques de fr\u00e9quentation<\/h4>\n<p>La fr\u00e9quentation visiteurs est suivie par l\u2019outil Google Analytic. Cet outil nous permet d\u2019analyser et d\u2019affiner nos rapport d\u2019audience, notamment de savoir quelles pages sont les plus visit\u00e9es afin d\u2019ajuster notre contenu et d\u2019offrir \u00e0 l\u2019utilisateur la meilleur exp\u00e9rience possible.<\/p>\n<h4>Acc\u00e8s au Site<\/h4>\n<p>L\u2019acc\u00e8s au site est disponible 24 heures sur 24 ; 7 jours sur 7, sauf dans l\u2019hypoth\u00e8se de force majeure, telle que d\u00e9finie par la jurisprudence fran\u00e7aise.<br \/>\nDOTEAM peut toutefois interrompre les services en tout ou partie pour des raisons de maintenance du Site, sans droit \u00e0 indemnit\u00e9 pour l\u2019utilisateur.<\/p>\n<h4>Compte Utilisateur et Identifiants<\/h4>\n<p>L\u2019utilisateur est seul et enti\u00e8rement responsable de l\u2019utilisation et de la conservation de ses identifiants et mots de passe. Il s\u2019engage en cons\u00e9quence \u00e0 prendre toutes les mesures pour en assurer la parfaite s\u00e9curit\u00e9 et confidentialit\u00e9 et \u00e0 ne pas divulguer \u00e0 des tiers, sous quelque forme et \u00e0 quelque titre que ce soit.<br \/>\nEn cons\u00e9quence, l\u2019utilisateur reconnait \u00eatre seul et unique responsable \u00e0 l\u2019\u00e9gard de DOTEAM de tous actes effectu\u00e9s \u00e0 partir de son compte.<br \/>\nEn cas de perte ou de vol d\u2019un ou plusieurs de ses identifiants, l\u2019utilisateur est seul responsable des cons\u00e9quences dommageables qui pourraient en r\u00e9sulter et doit en informer DOTEAM dans les plus brefs d\u00e9lais.<\/p>\n<h4>Liens hypertextes vers des sites tiers<\/h4>\n<p>Ce site propose des liens hypertextes pointant vers des sites \u00e9dit\u00e9s par des tiers. Ces liens sont \u00e9tablis de bonne foi et DOTEAM ne peut \u00eatre tenue pour responsable de modifications intervenues sur ces sites.<br \/>\nEn aucun cas l\u2019\u00e9diteur ne peut \u00eatre tenu pour responsable du contenu de ces sites. La redirection propos\u00e9e vers un site tiers ne vaut pas recommandation et l\u2019\u00e9diteur n\u2019est en aucun responsable du contenu \u00e9ditorial propos\u00e9 dans les sites concern\u00e9s.<\/p>\n<h4>Droits d\u2019auteurs et propri\u00e9t\u00e9 intellectuelle<\/h4>\n<p>Ce site doit \u00eatre consid\u00e9r\u00e9 comme un tout indissociable. Les informations y figurant sont r\u00e9serv\u00e9es \u00e0 un usage exclusivement personnel et ne peuvent \u00eatre ne tout ou partie ni reproduites, ni communiqu\u00e9es \u00e0 quelque titre que ce soit.<\/p>\n<p>Ce site est la propri\u00e9t\u00e9 de DOTEAM qui est titulaire de tous les droits de propri\u00e9t\u00e9 intellectuelle. Ce site constitue une \u0153uvre prot\u00e9g\u00e9e au titre de la propri\u00e9t\u00e9 intellectuelle, au m\u00eame titre que la structure g\u00e9n\u00e9rale du site, le graphisme ainsi que les \u00e9l\u00e9ments accessibles sur le site (formulaires, textes, photographies, images, son\u2026). Il est donc strictement interdit d\u2019utiliser ou de reproduire la marque DOTEAM et\/ou son logo, seuls ou associ\u00e9s, \u00e0 quelque titre que ce soit, et notamment \u00e0 des fins publicitaires, sans l\u2019accord pr\u00e9alable de l\u2019\u00e9diteur.<br \/>\nSauf autorisation \u00e9crite pr\u00e9alable de DOTEAM, le site et les informations qui y figurent ne peuvent \u00eatre copi\u00e9s, reproduits, modifi\u00e9s, transmis, publi\u00e9s sur quelques supports que ce soit, ni exploit\u00e9s en tout ou partie \u00e0 des fins commerciales ou non commerciales, ni servir \u00e0 la r\u00e9alisation d\u2019\u0153uvres d\u00e9riv\u00e9es.<br \/>\nLe non-respect de ces r\u00e8gles peut engager la responsabilit\u00e9 de l\u2019utilisateur au sens des articles L.713.2 et L.713.3 du code de la Propri\u00e9t\u00e9 intellectuelle et est susceptible d\u2019engager la responsabilit\u00e9 civile et p\u00e9nale de l\u2019utilisateur.<\/p>\n<h4>Droit applicable<\/h4>\n<p>Tant le pr\u00e9sent site que les modalit\u00e9s et conditions de son utilisation sont r\u00e9gis par le droit fran\u00e7ais, quel que soit le lieu d\u2019utilisation.<br \/>\nSi l\u2019une quelconque des stipulations des pr\u00e9sentes mentions l\u00e9gales est jug\u00e9e nulle ou sans objet par toute autorit\u00e9 ou juridiction, elle sera r\u00e9put\u00e9e non \u00e9crite et n\u2019entrainera pas la nullit\u00e9 des autres dispositions qui demeureront en vigueur.<br \/>\nEn utilisant le pr\u00e9sent site, l\u2019utilisateur accepte les pr\u00e9sentes mentions d\u00e9crites ci-dessus. Tout litige r\u00e9sultant de l\u2019utilisation de ce site ou de la diffusion des informations qu\u2019il contient sera de la comp\u00e9tence exclusive des tribunaux de Fontainebleau (77 \u2013 France) faisant application de la Loi fran\u00e7aise.<\/p>\n","protected":false},"excerpt":{"rendered":"<p>Nos modalit\u00e9s et conditions Le pr\u00e9sent document a pour objet de d\u00e9finir les modalit\u00e9s et conditions dans lesquelles d\u2019une part&#8230;<\/p>\n","protected":false},"author":4,"featured_media":0,"parent":0,"menu_order":0,"comment_status":"closed","ping_status":"closed","template":"elementor_theme","meta":{"footnotes":""},"class_list":["post-534","page","type-page","status-publish","hentry"],"yoast_head":"<!-- This site is optimized with the Yoast SEO plugin v27.5 - https:\/\/yoast.com\/product\/yoast-seo-wordpress\/ -->\n<title>Mentions l\u00e9gales - DOTEAM : Executive Search<\/title>\n<meta name=\"robots\" content=\"index, nofollow, max-snippet:-1, max-image-preview:large, max-video-preview:-1\" \/>\n<link rel=\"canonical\" href=\"https:\/\/doteam.fr\/fr\/mentions-legales\/\" \/>\n<meta property=\"og:locale\" content=\"fr_FR\" \/>\n<meta property=\"og:type\" content=\"article\" \/>\n<meta property=\"og:title\" content=\"Mentions l\u00e9gales - DOTEAM : Executive Search\" \/>\n<meta property=\"og:description\" content=\"Nos modalit\u00e9s et conditions Le pr\u00e9sent document a pour objet de d\u00e9finir les modalit\u00e9s et conditions dans lesquelles d\u2019une part...\" \/>\n<meta property=\"og:url\" content=\"https:\/\/doteam.fr\/fr\/mentions-legales\/\" \/>\n<meta property=\"og:site_name\" content=\"DOTEAM : Executive Search\" \/>\n<meta property=\"article:modified_time\" content=\"2025-12-08T21:38:40+00:00\" \/>\n<meta name=\"twitter:label1\" content=\"Dur\u00e9e de lecture estim\u00e9e\" \/>\n\t<meta name=\"twitter:data1\" content=\"7 minutes\" \/>\n<script type=\"application\/ld+json\" class=\"yoast-schema-graph\">{\"@context\":\"https:\\\/\\\/schema.org\",\"@graph\":[{\"@type\":\"WebPage\",\"@id\":\"https:\\\/\\\/doteam.fr\\\/fr\\\/mentions-legales\\\/\",\"url\":\"https:\\\/\\\/doteam.fr\\\/fr\\\/mentions-legales\\\/\",\"name\":\"Mentions l\u00e9gales - DOTEAM : Executive Search\",\"isPartOf\":{\"@id\":\"https:\\\/\\\/doteam.fr\\\/fr\\\/#website\"},\"datePublished\":\"2013-10-04T14:33:43+00:00\",\"dateModified\":\"2025-12-08T21:38:40+00:00\",\"breadcrumb\":{\"@id\":\"https:\\\/\\\/doteam.fr\\\/fr\\\/mentions-legales\\\/#breadcrumb\"},\"inLanguage\":\"fr-FR\",\"potentialAction\":[{\"@type\":\"ReadAction\",\"target\":[\"https:\\\/\\\/doteam.fr\\\/fr\\\/mentions-legales\\\/\"]}]},{\"@type\":\"BreadcrumbList\",\"@id\":\"https:\\\/\\\/doteam.fr\\\/fr\\\/mentions-legales\\\/#breadcrumb\",\"itemListElement\":[{\"@type\":\"ListItem\",\"position\":1,\"name\":\"Home\",\"item\":\"https:\\\/\\\/doteam.fr\\\/fr\\\/\"},{\"@type\":\"ListItem\",\"position\":2,\"name\":\"Mentions l\u00e9gales\"}]},{\"@type\":\"WebSite\",\"@id\":\"https:\\\/\\\/doteam.fr\\\/fr\\\/#website\",\"url\":\"https:\\\/\\\/doteam.fr\\\/fr\\\/\",\"name\":\"DOTEAM : Executive Search\",\"description\":\"Les talents en action\",\"publisher\":{\"@id\":\"https:\\\/\\\/doteam.fr\\\/fr\\\/#organization\"},\"potentialAction\":[{\"@type\":\"SearchAction\",\"target\":{\"@type\":\"EntryPoint\",\"urlTemplate\":\"https:\\\/\\\/doteam.fr\\\/fr\\\/?s={search_term_string}\"},\"query-input\":{\"@type\":\"PropertyValueSpecification\",\"valueRequired\":true,\"valueName\":\"search_term_string\"}}],\"inLanguage\":\"fr-FR\"},{\"@type\":\"Organization\",\"@id\":\"https:\\\/\\\/doteam.fr\\\/fr\\\/#organization\",\"name\":\"DOTEAM : Executive Search\",\"url\":\"https:\\\/\\\/doteam.fr\\\/fr\\\/\",\"logo\":{\"@type\":\"ImageObject\",\"inLanguage\":\"fr-FR\",\"@id\":\"https:\\\/\\\/doteam.fr\\\/fr\\\/#\\\/schema\\\/logo\\\/image\\\/\",\"url\":\"https:\\\/\\\/doteam.fr\\\/wp-content\\\/uploads\\\/2021\\\/05\\\/cropped-Fichier-5@3x.png\",\"contentUrl\":\"https:\\\/\\\/doteam.fr\\\/wp-content\\\/uploads\\\/2021\\\/05\\\/cropped-Fichier-5@3x.png\",\"width\":302,\"height\":154,\"caption\":\"DOTEAM : Executive Search\"},\"image\":{\"@id\":\"https:\\\/\\\/doteam.fr\\\/fr\\\/#\\\/schema\\\/logo\\\/image\\\/\"}}]}<\/script>\n<!-- \/ Yoast SEO plugin. -->","yoast_head_json":{"title":"Mentions l\u00e9gales - DOTEAM : Executive Search","robots":{"index":"index","follow":"nofollow","max-snippet":"max-snippet:-1","max-image-preview":"max-image-preview:large","max-video-preview":"max-video-preview:-1"},"canonical":"https:\/\/doteam.fr\/fr\/mentions-legales\/","og_locale":"fr_FR","og_type":"article","og_title":"Mentions l\u00e9gales - DOTEAM : Executive Search","og_description":"Nos modalit\u00e9s et conditions Le pr\u00e9sent document a pour objet de d\u00e9finir les modalit\u00e9s et conditions dans lesquelles d\u2019une part...","og_url":"https:\/\/doteam.fr\/fr\/mentions-legales\/","og_site_name":"DOTEAM : Executive Search","article_modified_time":"2025-12-08T21:38:40+00:00","twitter_misc":{"Dur\u00e9e de lecture estim\u00e9e":"7 minutes"},"schema":{"@context":"https:\/\/schema.org","@graph":[{"@type":"WebPage","@id":"https:\/\/doteam.fr\/fr\/mentions-legales\/","url":"https:\/\/doteam.fr\/fr\/mentions-legales\/","name":"Mentions l\u00e9gales - DOTEAM : Executive Search","isPartOf":{"@id":"https:\/\/doteam.fr\/fr\/#website"},"datePublished":"2013-10-04T14:33:43+00:00","dateModified":"2025-12-08T21:38:40+00:00","breadcrumb":{"@id":"https:\/\/doteam.fr\/fr\/mentions-legales\/#breadcrumb"},"inLanguage":"fr-FR","potentialAction":[{"@type":"ReadAction","target":["https:\/\/doteam.fr\/fr\/mentions-legales\/"]}]},{"@type":"BreadcrumbList","@id":"https:\/\/doteam.fr\/fr\/mentions-legales\/#breadcrumb","itemListElement":[{"@type":"ListItem","position":1,"name":"Home","item":"https:\/\/doteam.fr\/fr\/"},{"@type":"ListItem","position":2,"name":"Mentions l\u00e9gales"}]},{"@type":"WebSite","@id":"https:\/\/doteam.fr\/fr\/#website","url":"https:\/\/doteam.fr\/fr\/","name":"DOTEAM : Executive Search","description":"Les talents en action","publisher":{"@id":"https:\/\/doteam.fr\/fr\/#organization"},"potentialAction":[{"@type":"SearchAction","target":{"@type":"EntryPoint","urlTemplate":"https:\/\/doteam.fr\/fr\/?s={search_term_string}"},"query-input":{"@type":"PropertyValueSpecification","valueRequired":true,"valueName":"search_term_string"}}],"inLanguage":"fr-FR"},{"@type":"Organization","@id":"https:\/\/doteam.fr\/fr\/#organization","name":"DOTEAM : Executive Search","url":"https:\/\/doteam.fr\/fr\/","logo":{"@type":"ImageObject","inLanguage":"fr-FR","@id":"https:\/\/doteam.fr\/fr\/#\/schema\/logo\/image\/","url":"https:\/\/doteam.fr\/wp-content\/uploads\/2021\/05\/cropped-Fichier-5@3x.png","contentUrl":"https:\/\/doteam.fr\/wp-content\/uploads\/2021\/05\/cropped-Fichier-5@3x.png","width":302,"height":154,"caption":"DOTEAM : Executive Search"},"image":{"@id":"https:\/\/doteam.fr\/fr\/#\/schema\/logo\/image\/"}}]}},"_links":{"self":[{"href":"https:\/\/doteam.fr\/fr\/wp-json\/wp\/v2\/pages\/534","targetHints":{"allow":["GET"]}}],"collection":[{"href":"https:\/\/doteam.fr\/fr\/wp-json\/wp\/v2\/pages"}],"about":[{"href":"https:\/\/doteam.fr\/fr\/wp-json\/wp\/v2\/types\/page"}],"author":[{"embeddable":true,"href":"https:\/\/doteam.fr\/fr\/wp-json\/wp\/v2\/users\/4"}],"replies":[{"embeddable":true,"href":"https:\/\/doteam.fr\/fr\/wp-json\/wp\/v2\/comments?post=534"}],"version-history":[{"count":29,"href":"https:\/\/doteam.fr\/fr\/wp-json\/wp\/v2\/pages\/534\/revisions"}],"predecessor-version":[{"id":3426,"href":"https:\/\/doteam.fr\/fr\/wp-json\/wp\/v2\/pages\/534\/revisions\/3426"}],"wp:attachment":[{"href":"https:\/\/doteam.fr\/fr\/wp-json\/wp\/v2\/media?parent=534"}],"curies":[{"name":"wp","href":"https:\/\/api.w.org\/{rel}","templated":true}]}}