{"id":3652,"date":"2025-12-01T23:11:24","date_gmt":"2025-12-01T22:11:24","guid":{"rendered":"https:\/\/doteam.fr\/?page_id=3652"},"modified":"2026-01-18T20:39:56","modified_gmt":"2026-01-18T19:39:56","slug":"nos-expertises","status":"publish","type":"page","link":"https:\/\/doteam.fr\/fr\/nos-expertises\/","title":{"rendered":"Nos expertises"},"content":{"rendered":"\n<div class=\"wp-block-group alignfull is-style-section-3 is-content-justification-center\" style=\"margin-top:0;margin-bottom:0;padding-top:var(--wp--preset--spacing--50);padding-bottom:var(--wp--preset--spacing--50)\"><div class=\"wp-block-group__inner-container is-layout-constrained wp-block-group-is-layout-constrained\">\n<div class=\"wp-block-group alignwide\"><div class=\"wp-block-group__inner-container is-layout-flow wp-block-group-is-layout-flow\">\n<div class=\"wp-block-columns alignwide is-layout-flex wp-container-core-columns-is-layout-bde74fcd wp-block-columns-is-layout-flex\">\n<div class=\"wp-block-column is-layout-flow wp-block-column-is-layout-flow\" style=\"padding-top:24px;padding-bottom:24px\">\n<h2 class=\"wp-block-heading alignwide has-text-align-left is-service-name\">Recherche de Dirigeants<\/h2>\n<\/div>\n\n\n\n<div class=\"wp-block-column is-layout-flow wp-block-column-is-layout-flow\">\n<div class=\"wp-block-group alignwide\" style=\"border-bottom-width:1px;padding-top:40px;padding-bottom:40px\"><div class=\"wp-block-group__inner-container is-layout-flow wp-block-group-is-layout-flow\">\n<p class=\"is-service-description\"><strong>Notre \u00e9quipe est constitu\u00e9e de Consultants seniors pouvant vous aider :<\/strong><\/p>\n\n\n\n<p>\u00c0 identifier, \u00e9valuer et recruter, non seulement celui ou celle qui sera le meilleur candidat, mais aussi celui ou celle qui vous apportera la valeur ajout\u00e9e recherch\u00e9e la plus op\u00e9rationnelle, ET qui restera. Car nous aurons valid\u00e9 non seulement les comp\u00e9tences professionnelles et les caract\u00e9ristiques personnelles mais aussi l\u2019ad\u00e9quation culturelle \u00e0 votre projet.<\/p>\n\n\n\n<p class=\"is-service-description\"><strong>Nos comp\u00e9tences d\u2019identificateurs de talents couvrent les secteurs de l\u2019industrie, les services, le monde des produits, la grande consommation, les technologies, la finance, l&rsquo;IT &amp; la digitalisation des m\u00e9tiers<\/strong>.<\/p>\n<\/div><\/div>\n<\/div>\n<\/div>\n\n\n\n<hr class=\"wp-block-separator has-alpha-channel-opacity is-style-wide\"\/>\n\n\n\n<div class=\"wp-block-columns alignwide is-layout-flex wp-container-core-columns-is-layout-bde74fcd wp-block-columns-is-layout-flex\">\n<div class=\"wp-block-column is-layout-flow wp-block-column-is-layout-flow\" style=\"padding-top:24px;padding-bottom:24px\">\n<h2 class=\"wp-block-heading alignwide has-text-align-left is-service-name\">\u00c9valuation de conseils d\u2019administration<\/h2>\n<\/div>\n\n\n\n<div class=\"wp-block-column is-layout-flow wp-block-column-is-layout-flow\">\n<div class=\"wp-block-group alignwide\" style=\"border-bottom-width:1px;padding-top:40px;padding-bottom:40px\"><div class=\"wp-block-group__inner-container is-layout-flow wp-block-group-is-layout-flow\">\n<p class=\"is-service-description\"><strong>\u00c9valuation du fonctionnement d\u2019un Conseil :<\/strong><\/p>\n\n\n\n<p>Sept raisons de mettre en place des \u00e9valuations externes tous les trois ans :<\/p>\n\n\n\n<ul class=\"wp-block-list\">\n<li>Am\u00e9liorer les relations au sein du Conseil et entre le Conseil et le top management,<\/li>\n\n\n\n<li>Perfectionner les proc\u00e9dures au sein du Conseil (calendrier, information, r\u00e9unions),<\/li>\n\n\n\n<li>Rendre la communication parmi les membres plus transparente,<\/li>\n\n\n\n<li>Permettre un positionnement haut de gamme (en ligne avec les meilleurs acteurs du march\u00e9),<\/li>\n\n\n\n<li>L\u2019association internationale des \u00ab Proxy Advisors \u00bb recommande ce type d\u2019\u00e9valuation,<\/li>\n\n\n\n<li>Renforcer la qualit\u00e9 des informations mise \u00e0 la disposition des actionnaires et du march\u00e9 (\u00ab Comply or Explain \u00bb),<\/li>\n\n\n\n<li>Renforcer les processus de d\u00e9cision, en particulier pendant les p\u00e9riodes de successions ou les moments de crise,<\/li>\n<\/ul>\n\n\n\n<p class=\"is-service-description\"><strong>-&gt; AM\u00c9LIORER LA DYNAMIQUE DE GROUPE DU CONSEIL.<\/strong><\/p>\n<\/div><\/div>\n<\/div>\n<\/div>\n\n\n\n<hr class=\"wp-block-separator has-alpha-channel-opacity is-style-wide\"\/>\n\n\n\n<div class=\"wp-block-columns alignwide is-layout-flex wp-container-core-columns-is-layout-bde74fcd wp-block-columns-is-layout-flex\">\n<div class=\"wp-block-column is-layout-flow wp-block-column-is-layout-flow\" style=\"padding-top:24px;padding-bottom:24px\">\n<h2 class=\"wp-block-heading alignwide has-text-align-left is-service-name\">Recherches d\u2019administrateurs<\/h2>\n<\/div>\n\n\n\n<div class=\"wp-block-column is-layout-flow wp-block-column-is-layout-flow\">\n<div class=\"wp-block-group alignwide\" style=\"border-bottom-width:1px;padding-top:40px;padding-bottom:40px\"><div class=\"wp-block-group__inner-container is-layout-flow wp-block-group-is-layout-flow\">\n<p><strong>Les particularit\u00e9s de l\u2019approche d\u2019un administrateur ind\u00e9pendant :<\/strong><\/p>\n\n\n\n<ul class=\"wp-block-list\">\n<li>Dans la mesure o\u00f9 tous les administrateurs ont eux-m\u00eames le niveau de dirigeants nous recourons le plus souvent \u00e0 un processus s\u00e9quentiel du fait du caract\u00e8re sensible des prises de contacts envisag\u00e9es.<\/li>\n\n\n\n<li>Nous savons quand et comment les approcher, directement sur leur portable, avec une base personnelle de 2000 contacts.<\/li>\n\n\n\n<li>De plus en plus souvent, il nous est demand\u00e9 de r\u00e9aliser cette recherche sur une base mondiale, avec des comp\u00e9tences particuli\u00e8res et une exposition r\u00e9gionale. Il s\u2019agit ainsi de r\u00e9unir des dirigeants de haut niveau, de cultures diff\u00e9rentes et ayant des ADNs compl\u00e9mentaires.<\/li>\n\n\n\n<li>Nous connaissons les pratiques de gouvernance existant dans le pays d\u2019origine des profils que nous ciblons et \u00e0 qui nous expliquons les diff\u00e9rences existantes avec les r\u00e8gles et bonnes pratiques de gouvernance appliqu\u00e9es en France.<\/li>\n\n\n\n<li>Le Pr\u00e9sident du Conseil nous informe de ses attentes en terme de contribution du nouveau membre \u00e0 la dynamique du Conseil (vision strat\u00e9gique, dimension CEO, expertise financi\u00e8re, marketing, RH, exposition r\u00e9gionale, r\u00e9seau politique ou d\u2019affaires dans une r\u00e9gion du monde\u2026etc).<\/li>\n\n\n\n<li>Idem pour les comit\u00e9s (Audit, Nomination, R\u00e9mun\u00e9ration, Gouvernance, Strat\u00e9gie, RSE) dans lesquels il\/elle devra si\u00e9ger.<\/li>\n\n\n\n<li>&nbsp;Nous identifions les autres mandats en cours du prospect contact\u00e9 et sa disponibilit\u00e9 par rapport \u00e0 ses mandats et\/ou sa position ex\u00e9cutive actuelle.<\/li>\n\n\n\n<li>Nous validons enfin l\u2019absence de conflit d\u2019int\u00e9r\u00eats entre les Conseils d\u2019administration dont il\/elle est d\u00e9j\u00e0 membre et le v\u00f4tre.<\/li>\n<\/ul>\n<\/div><\/div>\n<\/div>\n<\/div>\n\n\n\n<hr class=\"wp-block-separator has-alpha-channel-opacity is-style-wide\"\/>\n\n\n\n<div class=\"wp-block-columns alignwide is-layout-flex wp-container-core-columns-is-layout-bde74fcd wp-block-columns-is-layout-flex\">\n<div class=\"wp-block-column is-layout-flow wp-block-column-is-layout-flow\" style=\"padding-top:24px;padding-bottom:24px\">\n<h2 class=\"wp-block-heading alignwide has-text-align-left is-service-name\">Coaching de Dirigeants<\/h2>\n<\/div>\n\n\n\n<div class=\"wp-block-column is-layout-flow wp-block-column-is-layout-flow\">\n<div class=\"wp-block-group alignwide\" style=\"border-bottom-width:1px;padding-top:40px;padding-bottom:40px\"><div class=\"wp-block-group__inner-container is-layout-flow wp-block-group-is-layout-flow\">\n<p><strong>En cas de restructuration, mise en place d\u2019un plan de strat\u00e9gie \u00e0 long terme, ralentissement de la conjoncture, crise interne, succession\u2026 nous sommes aussi capables de vous fournir des conseils en gouvernance dans les domaines suivants :<\/strong><\/p>\n\n\n\n<ul class=\"wp-block-list\">\n<li>Pr\u00e9paration d\u2019un plan de succession du Pr\u00e9sident (\u00e0 sa demande ou \u00e0 la demande des actionnaires),<\/li>\n\n\n\n<li>Renouvellement du Conseil (par tiers), en incluant les enjeux de Diversit\u00e9,<\/li>\n\n\n\n<li>R\u00e9mun\u00e9ration des dirigeants,<\/li>\n\n\n\n<li>Analyse des changements r\u00e9cents de la gouvernance en mati\u00e8re l\u00e9gislative et r\u00e9glementaire,\u2013 La conformit\u00e9 \u00e0 la r\u00e8gle \u00ab comply or explain \u00bb,<\/li>\n\n\n\n<li>Compliance &amp; outils d\u2019identification des risques,<\/li>\n\n\n\n<li>Composition des Conseils pendant et apr\u00e8s une crise,<\/li>\n\n\n\n<li>Identification d\u2019une r\u00e9serve de talents pour les futurs membres du Conseil,<\/li>\n<\/ul>\n\n\n\n<p>\u2022&nbsp;Formation \u00e0 la Gouvernance pour les nouveaux administrateurs.<\/p>\n<\/div><\/div>\n<\/div>\n<\/div>\n<\/div><\/div>\n<\/div><\/div>\n\n\n\n<div style=\"height:120px\" aria-hidden=\"true\" class=\"wp-block-spacer display-mobile\"><\/div>\n","protected":false},"excerpt":{"rendered":"<p>Recherche de Dirigeants Notre \u00e9quipe est constitu\u00e9e de Consultants seniors pouvant vous aider : \u00c0 identifier, \u00e9valuer et recruter, non&#8230;<\/p>\n","protected":false},"author":4,"featured_media":0,"parent":0,"menu_order":0,"comment_status":"closed","ping_status":"closed","template":"elementor_theme","meta":{"footnotes":""},"class_list":["post-3652","page","type-page","status-publish","hentry"],"yoast_head":"<!-- This site is optimized with the Yoast SEO plugin v27.5 - https:\/\/yoast.com\/product\/yoast-seo-wordpress\/ -->\n<title>Nos expertises - DOTEAM : Executive Search<\/title>\n<meta name=\"robots\" content=\"index, follow, max-snippet:-1, max-image-preview:large, max-video-preview:-1\" \/>\n<link rel=\"canonical\" href=\"https:\/\/doteam.fr\/fr\/nos-expertises\/\" \/>\n<meta property=\"og:locale\" content=\"fr_FR\" \/>\n<meta property=\"og:type\" content=\"article\" \/>\n<meta property=\"og:title\" content=\"Nos expertises - DOTEAM : Executive Search\" \/>\n<meta property=\"og:description\" content=\"Recherche de Dirigeants Notre \u00e9quipe est constitu\u00e9e de Consultants seniors pouvant vous aider : \u00c0 identifier, \u00e9valuer et recruter, non...\" \/>\n<meta property=\"og:url\" content=\"https:\/\/doteam.fr\/fr\/nos-expertises\/\" \/>\n<meta property=\"og:site_name\" content=\"DOTEAM : Executive Search\" \/>\n<meta property=\"article:modified_time\" content=\"2026-01-18T19:39:56+00:00\" \/>\n<meta name=\"twitter:label1\" content=\"Dur\u00e9e de lecture estim\u00e9e\" \/>\n\t<meta name=\"twitter:data1\" content=\"3 minutes\" \/>\n<script type=\"application\/ld+json\" class=\"yoast-schema-graph\">{\"@context\":\"https:\\\/\\\/schema.org\",\"@graph\":[{\"@type\":\"WebPage\",\"@id\":\"https:\\\/\\\/doteam.fr\\\/fr\\\/nos-expertises\\\/\",\"url\":\"https:\\\/\\\/doteam.fr\\\/fr\\\/nos-expertises\\\/\",\"name\":\"Nos expertises - DOTEAM : Executive Search\",\"isPartOf\":{\"@id\":\"https:\\\/\\\/doteam.fr\\\/fr\\\/#website\"},\"datePublished\":\"2025-12-01T22:11:24+00:00\",\"dateModified\":\"2026-01-18T19:39:56+00:00\",\"breadcrumb\":{\"@id\":\"https:\\\/\\\/doteam.fr\\\/fr\\\/nos-expertises\\\/#breadcrumb\"},\"inLanguage\":\"fr-FR\",\"potentialAction\":[{\"@type\":\"ReadAction\",\"target\":[\"https:\\\/\\\/doteam.fr\\\/fr\\\/nos-expertises\\\/\"]}]},{\"@type\":\"BreadcrumbList\",\"@id\":\"https:\\\/\\\/doteam.fr\\\/fr\\\/nos-expertises\\\/#breadcrumb\",\"itemListElement\":[{\"@type\":\"ListItem\",\"position\":1,\"name\":\"Home\",\"item\":\"https:\\\/\\\/doteam.fr\\\/fr\\\/\"},{\"@type\":\"ListItem\",\"position\":2,\"name\":\"Nos expertises\"}]},{\"@type\":\"WebSite\",\"@id\":\"https:\\\/\\\/doteam.fr\\\/fr\\\/#website\",\"url\":\"https:\\\/\\\/doteam.fr\\\/fr\\\/\",\"name\":\"DOTEAM : Executive Search\",\"description\":\"Les talents en action\",\"publisher\":{\"@id\":\"https:\\\/\\\/doteam.fr\\\/fr\\\/#organization\"},\"potentialAction\":[{\"@type\":\"SearchAction\",\"target\":{\"@type\":\"EntryPoint\",\"urlTemplate\":\"https:\\\/\\\/doteam.fr\\\/fr\\\/?s={search_term_string}\"},\"query-input\":{\"@type\":\"PropertyValueSpecification\",\"valueRequired\":true,\"valueName\":\"search_term_string\"}}],\"inLanguage\":\"fr-FR\"},{\"@type\":\"Organization\",\"@id\":\"https:\\\/\\\/doteam.fr\\\/fr\\\/#organization\",\"name\":\"DOTEAM : Executive Search\",\"url\":\"https:\\\/\\\/doteam.fr\\\/fr\\\/\",\"logo\":{\"@type\":\"ImageObject\",\"inLanguage\":\"fr-FR\",\"@id\":\"https:\\\/\\\/doteam.fr\\\/fr\\\/#\\\/schema\\\/logo\\\/image\\\/\",\"url\":\"https:\\\/\\\/doteam.fr\\\/wp-content\\\/uploads\\\/2021\\\/05\\\/cropped-Fichier-5@3x.png\",\"contentUrl\":\"https:\\\/\\\/doteam.fr\\\/wp-content\\\/uploads\\\/2021\\\/05\\\/cropped-Fichier-5@3x.png\",\"width\":302,\"height\":154,\"caption\":\"DOTEAM : Executive Search\"},\"image\":{\"@id\":\"https:\\\/\\\/doteam.fr\\\/fr\\\/#\\\/schema\\\/logo\\\/image\\\/\"}}]}<\/script>\n<!-- \/ Yoast SEO plugin. -->","yoast_head_json":{"title":"Nos expertises - DOTEAM : Executive Search","robots":{"index":"index","follow":"follow","max-snippet":"max-snippet:-1","max-image-preview":"max-image-preview:large","max-video-preview":"max-video-preview:-1"},"canonical":"https:\/\/doteam.fr\/fr\/nos-expertises\/","og_locale":"fr_FR","og_type":"article","og_title":"Nos expertises - DOTEAM : Executive Search","og_description":"Recherche de Dirigeants Notre \u00e9quipe est constitu\u00e9e de Consultants seniors pouvant vous aider : \u00c0 identifier, \u00e9valuer et recruter, non...","og_url":"https:\/\/doteam.fr\/fr\/nos-expertises\/","og_site_name":"DOTEAM : Executive Search","article_modified_time":"2026-01-18T19:39:56+00:00","twitter_misc":{"Dur\u00e9e de lecture estim\u00e9e":"3 minutes"},"schema":{"@context":"https:\/\/schema.org","@graph":[{"@type":"WebPage","@id":"https:\/\/doteam.fr\/fr\/nos-expertises\/","url":"https:\/\/doteam.fr\/fr\/nos-expertises\/","name":"Nos expertises - DOTEAM : Executive Search","isPartOf":{"@id":"https:\/\/doteam.fr\/fr\/#website"},"datePublished":"2025-12-01T22:11:24+00:00","dateModified":"2026-01-18T19:39:56+00:00","breadcrumb":{"@id":"https:\/\/doteam.fr\/fr\/nos-expertises\/#breadcrumb"},"inLanguage":"fr-FR","potentialAction":[{"@type":"ReadAction","target":["https:\/\/doteam.fr\/fr\/nos-expertises\/"]}]},{"@type":"BreadcrumbList","@id":"https:\/\/doteam.fr\/fr\/nos-expertises\/#breadcrumb","itemListElement":[{"@type":"ListItem","position":1,"name":"Home","item":"https:\/\/doteam.fr\/fr\/"},{"@type":"ListItem","position":2,"name":"Nos expertises"}]},{"@type":"WebSite","@id":"https:\/\/doteam.fr\/fr\/#website","url":"https:\/\/doteam.fr\/fr\/","name":"DOTEAM : Executive Search","description":"Les talents en action","publisher":{"@id":"https:\/\/doteam.fr\/fr\/#organization"},"potentialAction":[{"@type":"SearchAction","target":{"@type":"EntryPoint","urlTemplate":"https:\/\/doteam.fr\/fr\/?s={search_term_string}"},"query-input":{"@type":"PropertyValueSpecification","valueRequired":true,"valueName":"search_term_string"}}],"inLanguage":"fr-FR"},{"@type":"Organization","@id":"https:\/\/doteam.fr\/fr\/#organization","name":"DOTEAM : Executive Search","url":"https:\/\/doteam.fr\/fr\/","logo":{"@type":"ImageObject","inLanguage":"fr-FR","@id":"https:\/\/doteam.fr\/fr\/#\/schema\/logo\/image\/","url":"https:\/\/doteam.fr\/wp-content\/uploads\/2021\/05\/cropped-Fichier-5@3x.png","contentUrl":"https:\/\/doteam.fr\/wp-content\/uploads\/2021\/05\/cropped-Fichier-5@3x.png","width":302,"height":154,"caption":"DOTEAM : Executive Search"},"image":{"@id":"https:\/\/doteam.fr\/fr\/#\/schema\/logo\/image\/"}}]}},"_links":{"self":[{"href":"https:\/\/doteam.fr\/fr\/wp-json\/wp\/v2\/pages\/3652","targetHints":{"allow":["GET"]}}],"collection":[{"href":"https:\/\/doteam.fr\/fr\/wp-json\/wp\/v2\/pages"}],"about":[{"href":"https:\/\/doteam.fr\/fr\/wp-json\/wp\/v2\/types\/page"}],"author":[{"embeddable":true,"href":"https:\/\/doteam.fr\/fr\/wp-json\/wp\/v2\/users\/4"}],"replies":[{"embeddable":true,"href":"https:\/\/doteam.fr\/fr\/wp-json\/wp\/v2\/comments?post=3652"}],"version-history":[{"count":82,"href":"https:\/\/doteam.fr\/fr\/wp-json\/wp\/v2\/pages\/3652\/revisions"}],"predecessor-version":[{"id":4956,"href":"https:\/\/doteam.fr\/fr\/wp-json\/wp\/v2\/pages\/3652\/revisions\/4956"}],"wp:attachment":[{"href":"https:\/\/doteam.fr\/fr\/wp-json\/wp\/v2\/media?parent=3652"}],"curies":[{"name":"wp","href":"https:\/\/api.w.org\/{rel}","templated":true}]}}