{"id":757,"date":"2013-10-09T15:47:31","date_gmt":"2013-10-09T14:47:31","guid":{"rendered":"http:\/\/doteam.fr\/?page_id=757"},"modified":"2025-12-24T14:57:35","modified_gmt":"2025-12-24T13:57:35","slug":"our-expertise-old","status":"publish","type":"page","link":"https:\/\/doteam.fr\/en\/our-expertise-old\/","title":{"rendered":"Our expertise"},"content":{"rendered":"\t\t<div data-elementor-type=\"wp-page\" data-elementor-id=\"757\" class=\"elementor elementor-757\">\n\t\t\t\t\t\t<section class=\"elementor-section elementor-top-section elementor-element elementor-element-d9985f0 elementor-section-boxed elementor-section-height-default elementor-section-height-default\" data-id=\"d9985f0\" data-element_type=\"section\" data-e-type=\"section\">\n\t\t\t\t\t\t<div class=\"elementor-container elementor-column-gap-default\">\n\t\t\t\t\t<div class=\"elementor-column elementor-col-100 elementor-top-column elementor-element elementor-element-37d70bb1\" data-id=\"37d70bb1\" data-element_type=\"column\" data-e-type=\"column\">\n\t\t\t<div class=\"elementor-widget-wrap elementor-element-populated\">\n\t\t\t\t\t\t<div class=\"elementor-element elementor-element-566c61d9 elementor-widget elementor-widget-text-editor\" data-id=\"566c61d9\" data-element_type=\"widget\" data-e-type=\"widget\" data-widget_type=\"text-editor.default\">\n\t\t\t\t<div class=\"elementor-widget-container\">\n\t\t\t\t\t\t\t\t\t<p><img decoding=\"async\" id=\"img-2\" class=\"alignnone size-full wp-image-478\" src=\"https:\/\/doteam.fr\/wp-content\/uploads\/2021\/06\/Photo_doteam_8.png\" alt=\"agence-doteam\" width=\"100%\" height=\"220\" \/><\/p><p><span style=\"color: #2f9598;\"><em><strong>Gr\u00e2ce \u00e0 notre m\u00e9thodologie souple et personnalis\u00e9e d\u00e9j\u00e0 \u00e9prouv\u00e9e (et approuv\u00e9e !) aupr\u00e8s de nombreux clients, nous nous positionnons comme un partenaire privil\u00e9gi\u00e9 tout au long du processus de recrutement.<\/strong><\/em><\/span><\/p><p>Chez <span style=\"color: #2f9598;\">Doteam Executive Search<\/span>, notre valeur ajout\u00e9e vient de notre perspective \u00e0 envisager chaque mission de mani\u00e8re globale et unique. Nous mesurons les enjeux li\u00e9s \u00e0 l\u2019int\u00e9gration du collaborateur recherch\u00e9, ce qu\u2019il va apporter \u00e0 votre organisation et au d\u00e9veloppement de votre entreprise. Une fois d\u00e9fini clairement les objectifs de la mission et les requis au poste, nous compl\u00e9tons le portait du candidat id\u00e9al selon sa personnalit\u00e9, sa capacit\u00e9 \u00e0 cr\u00e9er de la valeur tant avec ses collaborateurs que les clients internes ou externes.<\/p><p>Nous prenons soin, lors de nos diff\u00e9rents points de mission, d\u2019aborder l\u2019ensemble des enjeux li\u00e9s au projet commun. Nous prenons le temps d\u2019un \u00e9change serein, d\u00e9cloisonn\u00e9 et attentif aux d\u00e9tails ! Ce qui, bien souvent, ouvre le champ des possibilit\u00e9s dans le respect complet des r\u00e8gles de d\u00e9ontologie \u00e0 toutes les \u00e9tapes du recrutement: informations sur le poste (job desc), confidentialit\u00e9 lors d\u2019une approche directe, \u00e9changes clairs tout au long de la mission.<\/p><p>En faisant confiance \u00e0 Doteam Executive Search, vous vous assurez d\u2019un processus de recrutement sur-mesure comprenant :<\/p><ul class=\"check\"><li><i class=\"fa fa-check\"><\/i>Identification des profils cibles,<\/li><li><i class=\"fa fa-check\"><\/i>Evaluation et accompagnement des candidats,,<\/li><li><i class=\"fa fa-check\"><\/i>Un \u00e9change transparent dans le respect des r\u00e8gles de confidentialit\u00e9 et des codes de d\u00e9ontologie.<\/li><\/ul><p><strong>Nos sp\u00e9cialistes mettront tout en \u0153uvre pour vous garantir un recrutement durable et de qualit\u00e9 en accord avec les sp\u00e9cificit\u00e9s du poste, vos valeurs et votre projet d\u2019entreprise.<\/strong><\/p>\t\t\t\t\t\t\t\t<\/div>\n\t\t\t\t<\/div>\n\t\t\t\t\t<\/div>\n\t\t<\/div>\n\t\t\t\t\t<\/div>\n\t\t<\/section>\n\t\t\t\t<\/div>\n\t\t","protected":false},"excerpt":{"rendered":"<p>&nbsp; &nbsp; With a flexible and customized methodology already proven with many clients, we are your privilegied partner At Doteam&#8230;<\/p>\n","protected":false},"author":4,"featured_media":2780,"parent":0,"menu_order":0,"comment_status":"closed","ping_status":"closed","template":"elementor_theme","meta":{"footnotes":""},"class_list":["post-757","page","type-page","status-publish","has-post-thumbnail","hentry"],"yoast_head":"<!-- This site is optimized with the Yoast SEO plugin v27.5 - https:\/\/yoast.com\/product\/yoast-seo-wordpress\/ -->\n<title>Our expertise - Doteam Executive Search<\/title>\n<meta name=\"description\" content=\"At Doteam Executive Search, our expertise comes from our perspective to consider each mission in a single comprehensive manner. We evaluate the issues related to the integration of the employee required, and w\" \/>\n<meta name=\"robots\" content=\"index, follow, max-snippet:-1, max-image-preview:large, max-video-preview:-1\" \/>\n<link rel=\"canonical\" href=\"https:\/\/doteam.fr\/en\/our-expertise-old\/\" \/>\n<meta property=\"og:locale\" content=\"en_US\" \/>\n<meta property=\"og:type\" content=\"article\" \/>\n<meta property=\"og:title\" content=\"Our expertise - Doteam Executive Search\" \/>\n<meta property=\"og:description\" content=\"At Doteam Executive Search, our expertise comes from our perspective to consider each mission in a single comprehensive manner. We evaluate the issues related to the integration of the employee required, and w\" \/>\n<meta property=\"og:url\" content=\"https:\/\/doteam.fr\/en\/our-expertise-old\/\" \/>\n<meta property=\"og:site_name\" content=\"DOTEAM : Executive Search\" \/>\n<meta property=\"article:modified_time\" content=\"2025-12-24T13:57:35+00:00\" \/>\n<meta property=\"og:image\" content=\"https:\/\/doteam.fr\/wp-content\/uploads\/2021\/05\/logo-background-doteam-copie.png\" \/>\n\t<meta property=\"og:image:width\" content=\"1250\" \/>\n\t<meta property=\"og:image:height\" content=\"450\" \/>\n\t<meta property=\"og:image:type\" content=\"image\/png\" \/>\n<meta name=\"twitter:label1\" content=\"Est. reading time\" \/>\n\t<meta name=\"twitter:data1\" content=\"2 minutes\" \/>\n<script type=\"application\/ld+json\" class=\"yoast-schema-graph\">{\"@context\":\"https:\\\/\\\/schema.org\",\"@graph\":[{\"@type\":\"WebPage\",\"@id\":\"https:\\\/\\\/doteam.fr\\\/en\\\/our-expertise-old\\\/\",\"url\":\"https:\\\/\\\/doteam.fr\\\/en\\\/our-expertise-old\\\/\",\"name\":\"Our expertise - Doteam Executive Search\",\"isPartOf\":{\"@id\":\"https:\\\/\\\/doteam.fr\\\/en\\\/#website\"},\"primaryImageOfPage\":{\"@id\":\"https:\\\/\\\/doteam.fr\\\/en\\\/our-expertise-old\\\/#primaryimage\"},\"image\":{\"@id\":\"https:\\\/\\\/doteam.fr\\\/en\\\/our-expertise-old\\\/#primaryimage\"},\"thumbnailUrl\":\"https:\\\/\\\/doteam.fr\\\/wp-content\\\/uploads\\\/2021\\\/05\\\/logo-background-doteam-copie.png\",\"datePublished\":\"2013-10-09T14:47:31+00:00\",\"dateModified\":\"2025-12-24T13:57:35+00:00\",\"description\":\"At Doteam Executive Search, our expertise comes from our perspective to consider each mission in a single comprehensive manner. We evaluate the issues related to the integration of the employee required, and w\",\"breadcrumb\":{\"@id\":\"https:\\\/\\\/doteam.fr\\\/en\\\/our-expertise-old\\\/#breadcrumb\"},\"inLanguage\":\"en-US\",\"potentialAction\":[{\"@type\":\"ReadAction\",\"target\":[\"https:\\\/\\\/doteam.fr\\\/en\\\/our-expertise-old\\\/\"]}]},{\"@type\":\"ImageObject\",\"inLanguage\":\"en-US\",\"@id\":\"https:\\\/\\\/doteam.fr\\\/en\\\/our-expertise-old\\\/#primaryimage\",\"url\":\"https:\\\/\\\/doteam.fr\\\/wp-content\\\/uploads\\\/2021\\\/05\\\/logo-background-doteam-copie.png\",\"contentUrl\":\"https:\\\/\\\/doteam.fr\\\/wp-content\\\/uploads\\\/2021\\\/05\\\/logo-background-doteam-copie.png\",\"width\":1250,\"height\":450},{\"@type\":\"BreadcrumbList\",\"@id\":\"https:\\\/\\\/doteam.fr\\\/en\\\/our-expertise-old\\\/#breadcrumb\",\"itemListElement\":[{\"@type\":\"ListItem\",\"position\":1,\"name\":\"Home\",\"item\":\"https:\\\/\\\/doteam.fr\\\/en\\\/accueil\\\/\"},{\"@type\":\"ListItem\",\"position\":2,\"name\":\"Our expertise\"}]},{\"@type\":\"WebSite\",\"@id\":\"https:\\\/\\\/doteam.fr\\\/en\\\/#website\",\"url\":\"https:\\\/\\\/doteam.fr\\\/en\\\/\",\"name\":\"DOTEAM : Executive Search\",\"description\":\"Les talents en action\",\"publisher\":{\"@id\":\"https:\\\/\\\/doteam.fr\\\/en\\\/#organization\"},\"potentialAction\":[{\"@type\":\"SearchAction\",\"target\":{\"@type\":\"EntryPoint\",\"urlTemplate\":\"https:\\\/\\\/doteam.fr\\\/en\\\/?s={search_term_string}\"},\"query-input\":{\"@type\":\"PropertyValueSpecification\",\"valueRequired\":true,\"valueName\":\"search_term_string\"}}],\"inLanguage\":\"en-US\"},{\"@type\":\"Organization\",\"@id\":\"https:\\\/\\\/doteam.fr\\\/en\\\/#organization\",\"name\":\"DOTEAM : Executive Search\",\"url\":\"https:\\\/\\\/doteam.fr\\\/en\\\/\",\"logo\":{\"@type\":\"ImageObject\",\"inLanguage\":\"en-US\",\"@id\":\"https:\\\/\\\/doteam.fr\\\/en\\\/#\\\/schema\\\/logo\\\/image\\\/\",\"url\":\"https:\\\/\\\/doteam.fr\\\/wp-content\\\/uploads\\\/2021\\\/05\\\/cropped-Fichier-5@3x.png\",\"contentUrl\":\"https:\\\/\\\/doteam.fr\\\/wp-content\\\/uploads\\\/2021\\\/05\\\/cropped-Fichier-5@3x.png\",\"width\":302,\"height\":154,\"caption\":\"DOTEAM : Executive Search\"},\"image\":{\"@id\":\"https:\\\/\\\/doteam.fr\\\/en\\\/#\\\/schema\\\/logo\\\/image\\\/\"}}]}<\/script>\n<!-- \/ Yoast SEO plugin. -->","yoast_head_json":{"title":"Our expertise - Doteam Executive Search","description":"At Doteam Executive Search, our expertise comes from our perspective to consider each mission in a single comprehensive manner. We evaluate the issues related to the integration of the employee required, and w","robots":{"index":"index","follow":"follow","max-snippet":"max-snippet:-1","max-image-preview":"max-image-preview:large","max-video-preview":"max-video-preview:-1"},"canonical":"https:\/\/doteam.fr\/en\/our-expertise-old\/","og_locale":"en_US","og_type":"article","og_title":"Our expertise - Doteam Executive Search","og_description":"At Doteam Executive Search, our expertise comes from our perspective to consider each mission in a single comprehensive manner. We evaluate the issues related to the integration of the employee required, and w","og_url":"https:\/\/doteam.fr\/en\/our-expertise-old\/","og_site_name":"DOTEAM : Executive Search","article_modified_time":"2025-12-24T13:57:35+00:00","og_image":[{"width":1250,"height":450,"url":"https:\/\/doteam.fr\/wp-content\/uploads\/2021\/05\/logo-background-doteam-copie.png","type":"image\/png"}],"twitter_misc":{"Est. reading time":"2 minutes"},"schema":{"@context":"https:\/\/schema.org","@graph":[{"@type":"WebPage","@id":"https:\/\/doteam.fr\/en\/our-expertise-old\/","url":"https:\/\/doteam.fr\/en\/our-expertise-old\/","name":"Our expertise - Doteam Executive Search","isPartOf":{"@id":"https:\/\/doteam.fr\/en\/#website"},"primaryImageOfPage":{"@id":"https:\/\/doteam.fr\/en\/our-expertise-old\/#primaryimage"},"image":{"@id":"https:\/\/doteam.fr\/en\/our-expertise-old\/#primaryimage"},"thumbnailUrl":"https:\/\/doteam.fr\/wp-content\/uploads\/2021\/05\/logo-background-doteam-copie.png","datePublished":"2013-10-09T14:47:31+00:00","dateModified":"2025-12-24T13:57:35+00:00","description":"At Doteam Executive Search, our expertise comes from our perspective to consider each mission in a single comprehensive manner. We evaluate the issues related to the integration of the employee required, and w","breadcrumb":{"@id":"https:\/\/doteam.fr\/en\/our-expertise-old\/#breadcrumb"},"inLanguage":"en-US","potentialAction":[{"@type":"ReadAction","target":["https:\/\/doteam.fr\/en\/our-expertise-old\/"]}]},{"@type":"ImageObject","inLanguage":"en-US","@id":"https:\/\/doteam.fr\/en\/our-expertise-old\/#primaryimage","url":"https:\/\/doteam.fr\/wp-content\/uploads\/2021\/05\/logo-background-doteam-copie.png","contentUrl":"https:\/\/doteam.fr\/wp-content\/uploads\/2021\/05\/logo-background-doteam-copie.png","width":1250,"height":450},{"@type":"BreadcrumbList","@id":"https:\/\/doteam.fr\/en\/our-expertise-old\/#breadcrumb","itemListElement":[{"@type":"ListItem","position":1,"name":"Home","item":"https:\/\/doteam.fr\/en\/accueil\/"},{"@type":"ListItem","position":2,"name":"Our expertise"}]},{"@type":"WebSite","@id":"https:\/\/doteam.fr\/en\/#website","url":"https:\/\/doteam.fr\/en\/","name":"DOTEAM : Executive Search","description":"Les talents en action","publisher":{"@id":"https:\/\/doteam.fr\/en\/#organization"},"potentialAction":[{"@type":"SearchAction","target":{"@type":"EntryPoint","urlTemplate":"https:\/\/doteam.fr\/en\/?s={search_term_string}"},"query-input":{"@type":"PropertyValueSpecification","valueRequired":true,"valueName":"search_term_string"}}],"inLanguage":"en-US"},{"@type":"Organization","@id":"https:\/\/doteam.fr\/en\/#organization","name":"DOTEAM : Executive Search","url":"https:\/\/doteam.fr\/en\/","logo":{"@type":"ImageObject","inLanguage":"en-US","@id":"https:\/\/doteam.fr\/en\/#\/schema\/logo\/image\/","url":"https:\/\/doteam.fr\/wp-content\/uploads\/2021\/05\/cropped-Fichier-5@3x.png","contentUrl":"https:\/\/doteam.fr\/wp-content\/uploads\/2021\/05\/cropped-Fichier-5@3x.png","width":302,"height":154,"caption":"DOTEAM : Executive Search"},"image":{"@id":"https:\/\/doteam.fr\/en\/#\/schema\/logo\/image\/"}}]}},"_links":{"self":[{"href":"https:\/\/doteam.fr\/en\/wp-json\/wp\/v2\/pages\/757","targetHints":{"allow":["GET"]}}],"collection":[{"href":"https:\/\/doteam.fr\/en\/wp-json\/wp\/v2\/pages"}],"about":[{"href":"https:\/\/doteam.fr\/en\/wp-json\/wp\/v2\/types\/page"}],"author":[{"embeddable":true,"href":"https:\/\/doteam.fr\/en\/wp-json\/wp\/v2\/users\/4"}],"replies":[{"embeddable":true,"href":"https:\/\/doteam.fr\/en\/wp-json\/wp\/v2\/comments?post=757"}],"version-history":[{"count":7,"href":"https:\/\/doteam.fr\/en\/wp-json\/wp\/v2\/pages\/757\/revisions"}],"predecessor-version":[{"id":2989,"href":"https:\/\/doteam.fr\/en\/wp-json\/wp\/v2\/pages\/757\/revisions\/2989"}],"wp:featuredmedia":[{"embeddable":true,"href":"https:\/\/doteam.fr\/en\/wp-json\/wp\/v2\/media\/2780"}],"wp:attachment":[{"href":"https:\/\/doteam.fr\/en\/wp-json\/wp\/v2\/media?parent=757"}],"curies":[{"name":"wp","href":"https:\/\/api.w.org\/{rel}","templated":true}]}}